{"id":27,"date":"2026-03-17T20:03:05","date_gmt":"2026-03-17T20:03:05","guid":{"rendered":"https:\/\/www.programar.site\/intercast\/?page_id=27"},"modified":"2026-04-08T11:45:50","modified_gmt":"2026-04-08T14:45:50","slug":"sobre","status":"publish","type":"page","link":"https:\/\/www.programar.site\/intercast\/sobre\/","title":{"rendered":"Sobre"},"content":{"rendered":"<div class=\"\" style=\"\" >\n    \n    <section class=\"skrollable u-clearfix u-image u-shading u-section-2\" data-image-width=\"2000\" data-image-height=\"1125\" id=\"block-2\" style=\"background-image: linear-gradient(rgba(0, 0, 0, 0.3), rgba(0, 0, 0, 0.3)), url(&quot;https:\/\/www.programar.site\/intercast\/wp-content\/uploads\/2026\/03\/drone_intercast_16por9.webp&quot;);\">\n      <div class=\"u-clearfix u-sheet u-sheet-1\">\n        <div class=\"u-align-center u-color-var u-container-align-center u-container-style u-group u-group-1\">\n          <div class=\"u-container-layout u-container-layout-1\">\n            <h2 class=\"u-custom-font u-font-open-sans u-text u-text-1\">SOBRE N\u00d3S<\/h2>\n          <\/div>\n        <\/div>\n        <p class=\"u-custom-font u-font-open-sans u-text u-text-body-alt-color u-text-2\"><span style=\"font-weight: 400;\"><\/span>Uma trajet\u00f3ria de <span style=\"font-weight: 700;\">desafios<\/span>, <span style=\"font-weight: 700;\">evolu\u00e7\u00e3o<\/span> e <span style=\"font-weight: 700;\">excel\u00eancia<\/span>, constru\u00edda com <span style=\"font-weight: 700;\">dedica\u00e7\u00e3o<\/span> e o <span style=\"font-weight: 700;\">comprometimento<\/span> de <span style=\"font-weight: 700;\">pessoas que fazem a diferen\u00e7a<\/span>.<br>\n        <\/p>\n      <\/div>\n    <\/section>\n    \n    \n    \n  \n<\/div>","protected":false},"excerpt":{"rendered":"<p>SOBRE N\u00d3S Uma trajet\u00f3ria de desafios, evolu\u00e7\u00e3o e excel\u00eancia, constru\u00edda com dedica\u00e7\u00e3o e o comprometimento de pessoas que fazem a diferen\u00e7a.<\/p>\n","protected":false},"author":1,"featured_media":0,"parent":0,"menu_order":0,"comment_status":"closed","ping_status":"closed","template":"","meta":{"footnotes":""},"class_list":["post-27","page","type-page","status-publish","hentry"],"_links":{"self":[{"href":"https:\/\/www.programar.site\/intercast\/wp-json\/wp\/v2\/pages\/27","targetHints":{"allow":["GET"]}}],"collection":[{"href":"https:\/\/www.programar.site\/intercast\/wp-json\/wp\/v2\/pages"}],"about":[{"href":"https:\/\/www.programar.site\/intercast\/wp-json\/wp\/v2\/types\/page"}],"author":[{"embeddable":true,"href":"https:\/\/www.programar.site\/intercast\/wp-json\/wp\/v2\/users\/1"}],"replies":[{"embeddable":true,"href":"https:\/\/www.programar.site\/intercast\/wp-json\/wp\/v2\/comments?post=27"}],"version-history":[{"count":2,"href":"https:\/\/www.programar.site\/intercast\/wp-json\/wp\/v2\/pages\/27\/revisions"}],"predecessor-version":[{"id":337,"href":"https:\/\/www.programar.site\/intercast\/wp-json\/wp\/v2\/pages\/27\/revisions\/337"}],"wp:attachment":[{"href":"https:\/\/www.programar.site\/intercast\/wp-json\/wp\/v2\/media?parent=27"}],"curies":[{"name":"wp","href":"https:\/\/api.w.org\/{rel}","templated":true}]}}