{"id":25,"date":"2026-03-17T20:02:58","date_gmt":"2026-03-17T20:02:58","guid":{"rendered":"https:\/\/www.programar.site\/intercast\/?page_id=25"},"modified":"2026-03-31T22:44:52","modified_gmt":"2026-04-01T01:44:52","slug":"sustentabilidade","status":"publish","type":"page","link":"https:\/\/www.programar.site\/intercast\/sustentabilidade\/","title":{"rendered":"Sustentabilidade"},"content":{"rendered":"<div class=\"\" style=\"\" >\n    \n    <section class=\"skrollable u-clearfix u-image u-shading u-section-2\" data-image-width=\"2048\" data-image-height=\"1379\" id=\"block-2\" style=\"background-image: linear-gradient(rgba(0, 0, 0, 0.3), rgba(0, 0, 0, 0.3)), url(&quot;https:\/\/www.programar.site\/intercast\/wp-content\/uploads\/2026\/03\/capa_sustentabilidade_intercast-2048x1379.webp&quot;);\">\n      <div class=\"u-clearfix u-sheet u-sheet-1\">\n        <div class=\"u-align-center u-color-var u-container-align-center u-container-style u-group u-group-1\">\n          <div class=\"u-container-layout u-container-layout-1\">\n            <h2 class=\"u-custom-font u-font-open-sans u-text u-text-1\">SUSTENTABILIDADE<\/h2>\n          <\/div>\n        <\/div>\n        <p class=\"u-custom-font u-font-open-sans u-text u-text-body-alt-color u-text-2\"><span style=\"font-weight: 400;\"><\/span>Acreditamos que crescer com responsabilidade \u00e9 a \u00fanica forma de evoluir de verdade. Escolhemos, desde\no in\u00edcio, caminhar lado a lado com a sustentabilidade.<br>\n          <br><span style=\"font-weight: 700;\">Intercast, sustent\u00e1vel por op\u00e7\u00e3o, desde a sua funda\u00e7\u00e3o!<\/span>\n        <\/p>\n      <\/div>\n    <\/section>\n    <section class=\"u-clearfix u-palette-1-light-3 u-section-3\" id=\"block-3\">\n      <div class=\"data-layout-selected u-clearfix u-expanded-width u-gutter-0 u-layout-wrap u-layout-wrap-1\">\n        <div class=\"u-layout\">\n          <div class=\"u-layout-row\">\n            <div class=\"u-align-right u-container-align-right u-container-style u-layout-cell u-size-60 u-layout-cell-1\">\n              <div class=\"u-container-layout u-container-layout-1\">\n                <h1 class=\"u-align-center u-text u-text-palette-1-base u-text-1\"> BRASIL, SUSTENT\u00c1VEL POR NATUREZA<\/h1>\n              <\/div>\n            <\/div>\n          <\/div>\n        <\/div>\n      <\/div>\n    <\/section>\n    <section class=\"u-clearfix u-container-align-left u-section-4\" id=\"block-4\">\n      <div class=\"u-clearfix u-sheet u-valign-middle u-sheet-1\">\n        <p class=\"u-align-left u-text u-text-black u-text-1\">O Brasil carrega em sua ess\u00eancia uma conex\u00e3o \u00fanica com os recursos naturais. Mais do que uma\nnecessidade global, a sustentabilidade aqui \u00e9 compreendida como uma oportunidade estrat\u00e9gica, uma\nescolha consciente que impulsiona inova\u00e7\u00e3o, desenvolvimento e responsabilidade.<br>\n          <br>Em meio aos desafios da modernidade, o pa\u00eds constr\u00f3i, dia ap\u00f3s dia, um modelo produtivo que alia\nprogresso \u00e0 preserva\u00e7\u00e3o, mostrando ao mundo que \u00e9 poss\u00edvel crescer respeitando os ciclos da vida e do\nplaneta.\n        <\/p>\n        <div class=\"u-expanded-width u-gallery u-layout-grid u-lightbox u-no-transition u-show-text-none u-gallery-1\">\n          <div class=\"u-gallery-inner u-gallery-inner-1\">\n            <div class=\"u-effect-hover-zoom u-gallery-item\">\n              <div class=\"u-back-slide\" data-image-width=\"2048\" data-image-height=\"1379\">\n                <img decoding=\"async\" class=\"u-back-image u-expanded\" src=\"https:\/\/www.programar.site\/intercast\/wp-content\/uploads\/2026\/03\/capa_sustentabilidade_intercast-2048x1379.webp\">\n              <\/div>\n              <div class=\"u-over-slide u-shading u-over-slide-1\"><\/div>\n            <\/div>\n            <div class=\"u-effect-hover-zoom u-gallery-item\">\n              <div class=\"u-back-slide\" data-image-width=\"2048\" data-image-height=\"1529\">\n                <img decoding=\"async\" class=\"u-back-image u-expanded\" src=\"https:\/\/www.programar.site\/intercast\/wp-content\/uploads\/2026\/03\/maquinas_colheira_sustentabilidade_intercast-2048x1529.webp\">\n              <\/div>\n              <div class=\"u-over-slide u-shading u-over-slide-2\"><\/div>\n            <\/div>\n            <div class=\"u-effect-hover-zoom u-gallery-item\">\n              <div class=\"u-back-slide\" data-image-width=\"2048\" data-image-height=\"1365\">\n                <img decoding=\"async\" class=\"u-back-image u-expanded\" src=\"https:\/\/www.programar.site\/intercast\/wp-content\/uploads\/2026\/03\/hidroeletrica_sustentabilidade_intercast-2048x1365.webp\">\n              <\/div>\n              <div class=\"u-over-slide u-shading u-over-slide-3\"><\/div>\n            <\/div>\n          <\/div>\n        <\/div>\n      <\/div>\n    <\/section>\n    \n    \n    \n  \n<\/div>","protected":false},"excerpt":{"rendered":"<p>SUSTENTABILIDADE Acreditamos que crescer com responsabilidade \u00e9 a \u00fanica forma de evoluir de verdade. Escolhemos, desde o in\u00edcio, caminhar lado a lado com a sustentabilidade. Intercast, sustent\u00e1vel por op\u00e7\u00e3o, desde a sua funda\u00e7\u00e3o! BRASIL, SUSTENT\u00c1VEL POR NATUREZA O Brasil carrega em sua ess\u00eancia uma conex\u00e3o \u00fanica com os recursos naturais. Mais do que uma necessidade [&hellip;]<\/p>\n","protected":false},"author":1,"featured_media":0,"parent":0,"menu_order":0,"comment_status":"closed","ping_status":"closed","template":"","meta":{"footnotes":""},"class_list":["post-25","page","type-page","status-publish","hentry"],"_links":{"self":[{"href":"https:\/\/www.programar.site\/intercast\/wp-json\/wp\/v2\/pages\/25","targetHints":{"allow":["GET"]}}],"collection":[{"href":"https:\/\/www.programar.site\/intercast\/wp-json\/wp\/v2\/pages"}],"about":[{"href":"https:\/\/www.programar.site\/intercast\/wp-json\/wp\/v2\/types\/page"}],"author":[{"embeddable":true,"href":"https:\/\/www.programar.site\/intercast\/wp-json\/wp\/v2\/users\/1"}],"replies":[{"embeddable":true,"href":"https:\/\/www.programar.site\/intercast\/wp-json\/wp\/v2\/comments?post=25"}],"version-history":[{"count":4,"href":"https:\/\/www.programar.site\/intercast\/wp-json\/wp\/v2\/pages\/25\/revisions"}],"predecessor-version":[{"id":332,"href":"https:\/\/www.programar.site\/intercast\/wp-json\/wp\/v2\/pages\/25\/revisions\/332"}],"wp:attachment":[{"href":"https:\/\/www.programar.site\/intercast\/wp-json\/wp\/v2\/media?parent=25"}],"curies":[{"name":"wp","href":"https:\/\/api.w.org\/{rel}","templated":true}]}}