{"id":23,"date":"2026-03-17T20:02:48","date_gmt":"2026-03-17T20:02:48","guid":{"rendered":"https:\/\/www.programar.site\/intercast\/?page_id=23"},"modified":"2026-03-30T13:11:29","modified_gmt":"2026-03-30T16:11:29","slug":"tecnologia","status":"publish","type":"page","link":"https:\/\/www.programar.site\/intercast\/tecnologia\/","title":{"rendered":"Tecnologia"},"content":{"rendered":"<div class=\"\" style=\"\" >\n    \n    <section class=\"skrollable u-clearfix u-image u-parallax u-shading u-section-2\" data-image-width=\"1920\" data-image-height=\"1433\" id=\"block-2\" style=\"background-image: linear-gradient(rgba(0, 0, 0, 0.3), rgba(0, 0, 0, 0.3)), url(&quot;https:\/\/www.programar.site\/intercast\/wp-content\/uploads\/2026\/03\/itauna_minas_gerais_panoramica.webp&quot;);\">\n      <div class=\"u-clearfix u-sheet u-sheet-1\">\n        <div class=\"u-align-center u-color-var u-container-align-center u-container-style u-group u-group-1\">\n          <div class=\"u-container-layout u-container-layout-1\">\n            <h2 class=\"u-custom-font u-font-open-sans u-text u-text-1\">TECNOLOGIA<\/h2>\n          <\/div>\n        <\/div>\n        <p class=\"u-custom-font u-font-open-sans u-text u-text-body-alt-color u-text-2\"><span style=\"font-weight: 400;\"><\/span><span style=\"font-weight: 400;\">Ita\u00fana, em Minas Gerais, est\u00e1 inserida na borda oeste do quadril\u00e1tero ferr\u00edfero, reserva natural com\u200b aproximadamente 25 bilh\u00f5es\nde toneladas de min\u00e9rio de ferro e respons\u00e1vel por aproximadamente 60% da sua extra\u00e7\u00e3o no pa\u00eds.<\/span>\n          <br>\n        <\/p>\n      <\/div>\n    <\/section>\n    <section class=\"u-clearfix u-palette-1-light-3 u-valign-top-xl u-section-3\" id=\"block-3\">\n      <div class=\"data-layout-selected u-clearfix u-expanded-width u-gutter-0 u-layout-wrap u-layout-wrap-1\">\n        <div class=\"u-layout\">\n          <div class=\"u-layout-row\">\n            <div class=\"u-align-right u-container-align-right u-container-style u-layout-cell u-size-30 u-layout-cell-1\">\n              <div class=\"u-container-layout u-container-layout-1\">\n                <h1 class=\"u-text u-text-custom-color-5 u-text-1\">ITA\u00daNA, MINAS GERAIS<\/h1>\n              <\/div>\n            <\/div>\n            <div class=\"u-container-align-center u-container-style u-layout-cell u-size-1 u-layout-cell-2\">\n              <div class=\"u-container-layout u-valign-middle-xl u-container-layout-2\">\n                <div class=\"u-align-center u-palette-1-base u-shape u-shape-rectangle u-shape-1\"><\/div>\n              <\/div>\n            <\/div>\n            <div class=\"u-container-style u-layout-cell u-size-29 u-layout-cell-3\">\n              <div class=\"u-container-layout u-container-layout-3\">\n                <h2 class=\"u-align-left u-text u-text-custom-color-5 u-text-2\">UM HUB TECNOL\u00d3GICO DE FUNDI\u00c7\u00c3O<\/h2>\n              <\/div>\n            <\/div>\n          <\/div>\n        <\/div>\n      <\/div>\n    <\/section>\n    <section class=\"u-clearfix u-section-4\" id=\"block-4\">\n      <div class=\"u-clearfix u-sheet u-sheet-1\">\n        <img decoding=\"async\" class=\"u-align-center u-image u-image-contain u-image-default u-preserve-proportions u-image-1\" src=\"https:\/\/www.programar.site\/intercast\/wp-content\/uploads\/2026\/03\/intercast_quadrilatero_ferrifero.webp\" alt=\"\" data-image-width=\"1200\" data-image-height=\"420\">\n      <\/div>\n    <\/section>\n    <section class=\"u-clearfix u-palette-1-light-3 u-section-5\" id=\"block-5\">\n      <div class=\"data-layout-selected u-clearfix u-expanded-width u-gutter-0 u-layout-wrap u-layout-wrap-1\">\n        <div class=\"u-layout\">\n          <div class=\"u-layout-row\">\n            <div class=\"u-align-right u-container-align-right u-container-style u-layout-cell u-size-60 u-layout-cell-1\">\n              <div class=\"u-container-layout u-container-layout-1\">\n                <h1 class=\"u-align-center u-text u-text-palette-1-base u-text-1\"> A SAGA M\u00cdNERO-METAL\u00daRGICA<\/h1>\n              <\/div>\n            <\/div>\n          <\/div>\n        <\/div>\n      <\/div>\n    <\/section>\n    <section class=\"u-clearfix u-container-align-left u-section-6\" id=\"block-6\">\n      <div class=\"u-clearfix u-sheet u-valign-middle-lg u-valign-middle-md u-valign-middle-sm u-valign-middle-xs u-sheet-1\">\n        <p class=\"u-align-left u-text u-text-black u-text-1\">\n          <br><span style=\"font-weight: 700;\" class=\"u-text-palette-1-base\">Ita\u00fana<\/span>, em Minas Gerais, tem um hist\u00f3rico de desenvolvimento ligado \u00e0 minera\u00e7\u00e3o de ferro e a sua metalurgia, tendo como\ndestaque tr\u00eas pontos; <span style=\"font-weight: 700;\" class=\"u-text-palette-1-base\">a grande reserva mineral<\/span> em nossas terras, <span style=\"font-weight: 700;\" class=\"u-text-palette-1-base\">os pioneiros vision\u00e1rios<\/span> dos s\u00e9culos anteriores e\na <span style=\"font-weight: 700;\" class=\"u-text-palette-1-base\">pulveriza\u00e7\u00e3o de atores<\/span> no nosso enredo.<br>\n          <br>Assim, \u00e9 poss\u00edvel perceber que a nossa verdadeira riqueza reside n\u00e3o apenas em suas reservas minerais, mas\ntamb\u00e9m em seu povo homens e mulheres que, ao longo dos s\u00e9culos, souberam aproveitar as d\u00e1divas da natureza\ncom intelig\u00eancia, coragem e vis\u00e3o de futuro. \u00c9 essa combina\u00e7\u00e3o \u00fanica de recursos naturais e talentos humanos que\nfez do vale um exemplo de prosperidade e inova\u00e7\u00e3o. E continua a faz\u00ea-lo, pois as novas gera\u00e7\u00f5es, inspiradas pelo\nlegado de seus antecessores, seguem escrevendo cap\u00edtulos de sucesso e desenvolvimento.\n        <\/p>\n      <\/div>\n    <\/section>\n    <section class=\"u-clearfix u-palette-1-light-3 u-section-7\" id=\"block-7\">\n      <div class=\"u-clearfix u-sheet u-sheet-1\">\n        <img decoding=\"async\" class=\"u-image u-image-default u-preserve-proportions u-image-1\" src=\"https:\/\/www.programar.site\/intercast\/wp-content\/uploads\/2026\/03\/tecnologia_intercast_capa_livro_final.webp\" alt=\"\" data-image-width=\"1641\" data-image-height=\"2045\">\n        <div class=\"fr-view u-clearfix u-rich-text u-text u-text-1\">\n          <h1><span style=\"font-size: 1.85714rem; font-weight: 700;\"><span class=\"u-text-palette-1-base\">A Saga M\u00ednero-Metal\u00fargica do Rio S\u00e3o Jo\u00e3o Acima<\/span><\/span>\n          <\/h1>\n        <\/div>\n        <div class=\"fr-view u-clearfix u-rich-text u-text u-text-2\">\n          <p><span style=\"font-size: 1.3571428571428572rem;\">Em livro, o registro hist\u00f3rico e cultural sobre a ocupa\u00e7\u00e3o da regi\u00e3o centro-oeste mineira, abrangendo tr\u00eas s\u00e9culos, desde a chegada dos primeiros portugueses \u00e0 procura do ouro e de outros metais preciosos. Destaca-se a import\u00e2ncia do rio S\u00e3o Jo\u00e3o para as cidades que banha, com o foco no munic\u00edpio de Ita\u00fana, que em inguagem tupi-guarani significa pedra negra, em rela\u00e7\u00e3o \u00e0 descoberta do min\u00e9rio de ferro, abundante na regi\u00e3o. A edi\u00e7\u00e3o acompanha passo a passo o desenvolvimento cultural e hist\u00f3rico, seguido do crescimento econ\u00f4mico do munic\u00edpio, que tornou-se um polo educacional, culminando com a funda\u00e7\u00e3o da Universidade de Ita\u00fana, em 1965, e o t\u00edtulo de primeira Cidade Educativa de Minas, em 1975.<\/span>\n          <\/p>\n        <\/div>\n        <p class=\"u-text u-text-3\">\n          <a class=\"u-active-none u-border-none u-btn u-button-link u-button-style u-custom-font u-hover-none u-none u-text-palette-1-base u-btn-1\" href=\"https:\/\/www.universocultural.net\/\" target=\"_blank\">Acesse o site da editora clicando aqui.<\/a>\n        <\/p>\n      <\/div>\n    <\/section>\n    <section class=\"u-align-center u-clearfix u-container-align-center u-section-8\" id=\"block-9\">\n      <div class=\"u-clearfix u-sheet u-valign-middle-lg u-valign-middle-md u-valign-middle-sm u-valign-middle-xs u-sheet-1\">\n        <h1 class=\"u-align-center u-text u-text-default u-text-palette-1-base u-title u-text-1\">REGISTROS HIST\u00d3RICOS<\/h1>\n        <div class=\"u-expanded-width u-gallery u-layout-grid u-lightbox u-show-text-always u-gallery-1\">\n          <div class=\"u-gallery-inner u-gallery-inner-1\">\n            <div class=\"u-gallery-item\">\n              <div class=\"u-back-slide\" data-image-width=\"2048\" data-image-height=\"1529\">\n                <img decoding=\"async\" class=\"u-back-image u-expanded\" src=\"https:\/\/www.programar.site\/intercast\/wp-content\/uploads\/2026\/03\/tecnologia_caminhao_intercast-2048x1529.webp\" alt=\"Trabalho na extra\u00e7\u00e3o\">\n              <\/div>\n              <div class=\"u-container-align-center u-over-slide u-shading u-valign-bottom-xl u-over-slide-1\">\n                <h5 class=\"u-align-center u-gallery-heading\" style=\"margin-right: auto; margin-left: auto; text-transform: uppercase; font-weight: 700; letter-spacing: 0px;\">Trabalho na extra\u00e7\u00e3o<\/h5>\n              <\/div>\n            <\/div>\n            <div class=\"u-gallery-item\">\n              <div class=\"u-back-slide\" data-image-width=\"2048\" data-image-height=\"1529\">\n                <img decoding=\"async\" class=\"u-back-image u-expanded\" src=\"https:\/\/www.programar.site\/intercast\/wp-content\/uploads\/2026\/03\/tecnologia_instalacao_industrial_intercast-2048x1529.webp\" alt=\"INSTALA\u00c7\u00c3O INDUSTRIAL\">\n              <\/div>\n              <div class=\"u-container-align-center u-over-slide u-shading u-valign-bottom-xl u-over-slide-2\">\n                <h5 class=\"u-align-center u-gallery-heading\" style=\"margin-right: 0px; margin-left: 0px; text-transform: uppercase; font-weight: 700; letter-spacing: 0px;\">INSTALA\u00c7\u00c3O INDUSTRIAL<\/h5>\n              <\/div>\n            <\/div>\n            <div class=\"u-gallery-item\">\n              <div class=\"u-back-slide\" data-image-width=\"2048\" data-image-height=\"1529\">\n                <img decoding=\"async\" class=\"u-back-image u-expanded\" src=\"https:\/\/www.programar.site\/intercast\/wp-content\/uploads\/2026\/03\/tecnologia_trabalhador_intercast-2048x1529.webp\" alt=\"PROCESSO DE FUNDI\u00c7\u00c3O\">\n              <\/div>\n              <div class=\"u-container-align-center u-over-slide u-shading u-valign-bottom-xl u-over-slide-3\">\n                <h5 class=\"u-align-center u-gallery-heading\" style=\"margin-right: 0px; margin-left: 0px; text-transform: uppercase; font-weight: 700; letter-spacing: 0px;\">PROCESSO DE FUNDI\u00c7\u00c3O<\/h5>\n              <\/div>\n            <\/div>\n            <div class=\"u-gallery-item\">\n              <div class=\"u-back-slide\" data-image-width=\"2048\" data-image-height=\"1529\">\n                <img decoding=\"async\" class=\"u-back-image u-expanded\" src=\"https:\/\/www.programar.site\/intercast\/wp-content\/uploads\/2026\/03\/tecnologia_intercast_metalurgica_corradi_1924-2048x1529.webp\" alt=\"METAL\u00daRGICA CORRADI - 1924\">\n              <\/div>\n              <div class=\"u-container-align-center u-over-slide u-shading u-valign-bottom-xl u-over-slide-4\">\n                <h5 class=\"u-align-center u-gallery-heading\" style=\"margin-right: 0px; margin-left: 0px; text-transform: uppercase; font-weight: 700; letter-spacing: 0px;\">METAL\u00daRGICA CORRADI - 1924<\/h5>\n              <\/div>\n            <\/div>\n            <div class=\"u-gallery-item\">\n              <div class=\"u-back-slide\" data-image-width=\"2048\" data-image-height=\"1529\">\n                <img decoding=\"async\" class=\"u-back-image u-expanded\" src=\"https:\/\/www.programar.site\/intercast\/wp-content\/uploads\/2026\/03\/tecnologia_intercast_fundicao_companhia_itaunense_1930-2048x1529.webp\" alt=\"FUNDI\u00c7\u00c3O COMPANHIA ITAUNENSE - 1930\">\n              <\/div>\n              <div class=\"u-container-align-center u-over-slide u-shading u-valign-bottom-xl u-over-slide-5\">\n                <h5 class=\"u-align-center u-gallery-heading\" style=\"margin-right: 0px; margin-left: 0px; text-transform: uppercase; font-weight: 700; letter-spacing: 0px;\">FUNDI\u00c7\u00c3O COMPANHIA ITAUNENSE - 1930<\/h5>\n              <\/div>\n            <\/div>\n            <div class=\"u-gallery-item\">\n              <div class=\"u-back-slide\" data-image-width=\"2048\" data-image-height=\"1529\">\n                <img decoding=\"async\" class=\"u-back-image u-expanded\" src=\"https:\/\/www.programar.site\/intercast\/wp-content\/uploads\/2026\/03\/tecnologia_intercast_itauna_1950-2048x1529.webp\" alt=\"ITA\u00daNA - 1950\">\n              <\/div>\n              <div class=\"u-container-align-center u-over-slide u-shading u-valign-bottom-xl u-over-slide-6\">\n                <h5 class=\"u-align-center u-gallery-heading\" style=\"margin-right: 0px; margin-left: 0px; text-transform: uppercase; font-weight: 700; letter-spacing: 0px;\">ITA\u00daNA - 1950<\/h5>\n              <\/div>\n            <\/div>\n          <\/div>\n        <\/div>\n      <\/div>\n    <\/section>\n    <section class=\"u-clearfix u-palette-1-light-3 u-section-9\" id=\"block-10\">\n      <div class=\"data-layout-selected u-clearfix u-expanded-width u-gutter-0 u-layout-wrap u-layout-wrap-1\">\n        <div class=\"u-layout\">\n          <div class=\"u-layout-row\">\n            <div class=\"u-align-right u-container-align-right u-container-style u-layout-cell u-size-60 u-layout-cell-1\">\n              <div class=\"u-container-layout u-container-layout-1\">\n                <h1 class=\"u-align-center u-text u-text-palette-1-base u-text-1\"> SENAI CETEF, ITA\u00daNA - MG.<\/h1>\n                <h3 class=\"u-align-center u-text u-text-2\"> CETEF - Centro Tecnol\u00f3gico de fundi\u00e7\u00e3o Marcelino Corradi<\/h3>\n              <\/div>\n            <\/div>\n          <\/div>\n        <\/div>\n      <\/div>\n    <\/section>\n    <section class=\"u-clearfix u-section-10\" id=\"block-11\">\n      <div class=\"u-clearfix u-sheet u-valign-middle-lg u-valign-middle-md u-valign-middle-sm u-valign-middle-xs u-sheet-1\">\n        <p class=\"u-align-left u-text u-text-black u-text-1\">\n          <br><span style=\"font-weight: 700;\" class=\"u-text-palette-1-base\"><\/span>Estamos tamb\u00e9m localizados na maior e mais tradicional escola de fundi\u00e7\u00e3o do Brasil, o <span style=\"font-weight: 700;\" class=\"u-text-palette-1-base\">SENAI CETEF (Centro\nTecnol\u00f3gico de fundi\u00e7\u00e3o Marcelino Corradi)<\/span>.<br>\n          <br>A institui\u00e7\u00e3o <span style=\"font-weight: 700;\" class=\"u-text-palette-1-base\">acolhe e prepara estudantes<\/span> de v\u00e1rias partes do pa\u00eds com conhecimento em tecnologia avan\u00e7ada na\n\u00e1rea de fundi\u00e7\u00e3o. Sua estrutura conta com laborat\u00f3rios e equipamentos modernos, aulas pr\u00e1ticas e instrutores\naltamente qualificados, promovendo a forma\u00e7\u00e3o t\u00e9cnica especializada e o desenvolvimento de solu\u00e7\u00f5es para\nind\u00fastria.\n        <\/p>\n        <ul class=\"u-align-left u-spacing-10 u-text u-text-black u-text-2\">\n          <li> Mais de 20 cursos profissionalizantes e de qualifica\u00e7\u00e3o;<\/li>\n          <li>08 cursos t\u00e9cnicos;<\/li>\n          <li>Mais de 25.000 m\u00b2 de \u00e1rea coberta;<\/li>\n          <li>Mais de 40.000 profissionais formados em sua hist\u00f3ria;<\/li>\n          <li>Tecnologia Internacional.<\/li>\n        <\/ul>\n      <\/div>\n    <\/section>\n    <section class=\"u-clearfix u-palette-1-light-3 u-valign-middle-xl u-section-11\" id=\"block-13\">\n      <div class=\"data-layout-selected u-clearfix u-expanded-width u-gutter-0 u-layout-wrap u-layout-wrap-1\">\n        <div class=\"u-layout\">\n          <div class=\"u-layout-row\">\n            <div class=\"u-align-right u-container-align-right u-container-style u-layout-cell u-size-60 u-layout-cell-1\">\n              <div class=\"u-container-layout u-container-layout-1\">\n                <h1 class=\"u-align-center u-text u-text-palette-1-base u-text-1\">LINHA DO TEMPO <\/h1>\n              <\/div>\n            <\/div>\n          <\/div>\n        <\/div>\n      <\/div>\n    <\/section>\n    <section class=\"u-align-center u-clearfix u-container-align-center u-white u-section-12\" id=\"block-12\">\n      <div class=\"u-clearfix u-sheet u-valign-middle-lg u-valign-middle-md u-valign-middle-sm u-valign-middle-xs u-sheet-1\">\n        <div class=\"u-expanded-width u-list u-list-1\">\n          <div class=\"u-repeater u-repeater-1\">\n            <div class=\"u-align-center-xs u-container-style u-list-item u-repeater-item\">\n              <div class=\"u-container-layout u-similar-container u-valign-top u-container-layout-1\">\n                <img decoding=\"async\" class=\"u-align-center u-image u-image-circle u-image-contain u-preserve-proportions u-image-1\" src=\"https:\/\/www.programar.site\/intercast\/wp-content\/uploads\/2026\/03\/tecnologia_intercast_linha1_1942.webp\" alt=\"\" data-image-width=\"1200\" data-image-height=\"1200\">\n                <h3 class=\"u-align-center u-custom-font u-font-montserrat u-text u-text-palette-1-base u-text-1\">1942<\/h3>\n                <p class=\"u-align-center u-text u-text-black u-text-2\"> Funda\u00e7\u00e3o do\nSENAI no Brasil<\/p>\n              <\/div>\n            <\/div>\n            <div class=\"u-align-center-xs u-container-style u-list-item u-repeater-item\">\n              <div class=\"u-container-layout u-similar-container u-valign-top u-container-layout-2\">\n                <img decoding=\"async\" class=\"u-align-center u-image u-image-circle u-image-contain u-preserve-proportions u-image-2\" src=\"https:\/\/www.programar.site\/intercast\/wp-content\/uploads\/2026\/03\/tecnologia_intercast_linha2_1967-1.webp\" alt=\"\" data-image-width=\"1200\" data-image-height=\"1200\">\n                <h3 class=\"u-align-center u-custom-font u-font-montserrat u-text u-text-palette-1-base u-text-3\">1967<\/h3>\n                <p class=\"u-align-center u-text u-text-black u-text-4\"> Funda\u00e7\u00e3o do SENAI em Ita\u00fana<\/p>\n              <\/div>\n            <\/div>\n            <div class=\"u-align-center-xs u-container-style u-list-item u-repeater-item\">\n              <div class=\"u-container-layout u-similar-container u-valign-top u-container-layout-3\">\n                <img decoding=\"async\" class=\"u-align-center u-image u-image-circle u-image-contain u-preserve-proportions u-image-3\" src=\"https:\/\/www.programar.site\/intercast\/wp-content\/uploads\/2026\/03\/tecnologia_intercast_linha3_1977.webp\" alt=\"\" data-image-width=\"1200\" data-image-height=\"1200\">\n                <h3 class=\"u-align-center u-custom-font u-font-montserrat u-text u-text-palette-1-base u-text-5\">1977<\/h3>\n                <p class=\"u-align-center u-text u-text-black u-text-6\"> Funda\u00e7\u00e3o do CETEF,\ncom tecnologia Francesa<\/p>\n              <\/div>\n            <\/div>\n            <div class=\"u-align-center-xs u-container-style u-list-item u-repeater-item\">\n              <div class=\"u-container-layout u-similar-container u-valign-top u-container-layout-4\">\n                <img decoding=\"async\" class=\"u-align-center u-image u-image-circle u-image-contain u-preserve-proportions u-image-4\" src=\"https:\/\/www.programar.site\/intercast\/wp-content\/uploads\/2026\/03\/tecnologia_intercast_linha4_1996.webp\" alt=\"\" data-image-width=\"1200\" data-image-height=\"1200\">\n                <h3 class=\"u-align-center u-custom-font u-font-montserrat u-text u-text-palette-1-base u-text-7\">1996<\/h3>\n                <p class=\"u-align-center u-text u-text-black u-text-8\"> Projeto \"JICA\"\nimplementado no CETEF,\ncom tecnologia Japonesa<\/p>\n              <\/div>\n            <\/div>\n            <div class=\"u-align-center-xs u-container-style u-list-item u-repeater-item\">\n              <div class=\"u-container-layout u-similar-container u-valign-top u-container-layout-5\">\n                <img decoding=\"async\" class=\"u-align-center u-image u-image-circle u-image-contain u-preserve-proportions u-image-5\" src=\"https:\/\/www.programar.site\/intercast\/wp-content\/uploads\/2026\/03\/tecnologia_intercast_linha5_2024.webp\" alt=\"\" data-image-width=\"1200\" data-image-height=\"1200\">\n                <h3 class=\"u-align-center u-custom-font u-font-montserrat u-text u-text-palette-1-base u-text-9\">2024<\/h3>\n                <p class=\"u-align-center u-text u-text-black u-text-10\"> Escola de fundi\u00e7\u00e3o SENAI\nCETEF, com tecnologia\nFrancesa e Japonesa<\/p>\n              <\/div>\n            <\/div>\n          <\/div>\n        <\/div>\n      <\/div>\n    <\/section>\n    \n    \n    \n  \n<\/div>","protected":false},"excerpt":{"rendered":"<p>TECNOLOGIA Ita\u00fana, em Minas Gerais, est\u00e1 inserida na borda oeste do quadril\u00e1tero ferr\u00edfero, reserva natural com\u200b aproximadamente 25 bilh\u00f5es de toneladas de min\u00e9rio de ferro e respons\u00e1vel por aproximadamente 60% da sua extra\u00e7\u00e3o no pa\u00eds. ITA\u00daNA, MINAS GERAIS UM HUB TECNOL\u00d3GICO DE FUNDI\u00c7\u00c3O A SAGA M\u00cdNERO-METAL\u00daRGICA Ita\u00fana, em Minas Gerais, tem um hist\u00f3rico de desenvolvimento [&hellip;]<\/p>\n","protected":false},"author":1,"featured_media":0,"parent":0,"menu_order":0,"comment_status":"closed","ping_status":"closed","template":"","meta":{"footnotes":""},"class_list":["post-23","page","type-page","status-publish","hentry"],"_links":{"self":[{"href":"https:\/\/www.programar.site\/intercast\/wp-json\/wp\/v2\/pages\/23","targetHints":{"allow":["GET"]}}],"collection":[{"href":"https:\/\/www.programar.site\/intercast\/wp-json\/wp\/v2\/pages"}],"about":[{"href":"https:\/\/www.programar.site\/intercast\/wp-json\/wp\/v2\/types\/page"}],"author":[{"embeddable":true,"href":"https:\/\/www.programar.site\/intercast\/wp-json\/wp\/v2\/users\/1"}],"replies":[{"embeddable":true,"href":"https:\/\/www.programar.site\/intercast\/wp-json\/wp\/v2\/comments?post=23"}],"version-history":[{"count":9,"href":"https:\/\/www.programar.site\/intercast\/wp-json\/wp\/v2\/pages\/23\/revisions"}],"predecessor-version":[{"id":267,"href":"https:\/\/www.programar.site\/intercast\/wp-json\/wp\/v2\/pages\/23\/revisions\/267"}],"wp:attachment":[{"href":"https:\/\/www.programar.site\/intercast\/wp-json\/wp\/v2\/media?parent=23"}],"curies":[{"name":"wp","href":"https:\/\/api.w.org\/{rel}","templated":true}]}}