{"id":21,"date":"2026-03-17T20:02:39","date_gmt":"2026-03-17T20:02:39","guid":{"rendered":"https:\/\/www.programar.site\/intercast\/?page_id=21"},"modified":"2026-03-31T16:49:48","modified_gmt":"2026-03-31T19:49:48","slug":"produtos","status":"publish","type":"page","link":"https:\/\/www.programar.site\/intercast\/produtos\/","title":{"rendered":"Produtos"},"content":{"rendered":"<div class=\"\" style=\"\" >\n    \n    <section class=\"skrollable u-clearfix u-image u-shading u-section-2\" data-image-width=\"2048\" data-image-height=\"1143\" id=\"block-2\" style=\"background-image: linear-gradient(rgba(0, 0, 0, 0.3), rgba(0, 0, 0, 0.3)), url(&quot;https:\/\/www.programar.site\/intercast\/wp-content\/uploads\/2026\/03\/trator_produtos_intercast_final-2048x1143.webp&quot;);\">\n      <div class=\"u-clearfix u-sheet u-sheet-1\">\n        <div class=\"u-align-center u-color-var u-container-align-center u-container-style u-group u-group-1\">\n          <div class=\"u-container-layout u-container-layout-1\">\n            <h2 class=\"u-custom-font u-font-open-sans u-text u-text-1\">produtos<\/h2>\n          <\/div>\n        <\/div>\n        <p class=\"u-custom-font u-font-open-sans u-text u-text-body-alt-color u-text-2\"><span style=\"font-weight: 400;\"> A <span style=\"font-weight: 700;\">Intercast<\/span> \u00e9 uma fundi\u00e7\u00e3o especializada em pe\u00e7as fundidas t\u00e9cnicas, <span style=\"font-weight: 700;\">Midcastings\u00ae<\/span> de 20 a 250kg, fabricadas em ferro cinzento ou nodular.<\/span>\n          <br>\n        <\/p>\n      <\/div>\n    <\/section>\n    <section class=\"u-clearfix u-palette-1-light-3 u-section-3\" id=\"block-4\">\n      <div class=\"data-layout-selected u-clearfix u-expanded-width u-gutter-0 u-layout-wrap u-layout-wrap-1\">\n        <div class=\"u-layout\">\n          <div class=\"u-layout-row\">\n            <div class=\"u-align-right u-container-align-right u-container-style u-layout-cell u-size-60 u-layout-cell-1\">\n              <div class=\"u-container-layout u-container-layout-1\">\n                <h1 class=\"u-align-center u-text u-text-palette-1-base u-text-1\">SOLU\u00c7\u00c3O COMPLETA<\/h1>\n              <\/div>\n            <\/div>\n          <\/div>\n        <\/div>\n      <\/div>\n    <\/section>\n    <section class=\"u-clearfix u-container-align-left u-section-4\" id=\"block-5\">\n      <div class=\"u-clearfix u-sheet u-valign-middle-lg u-valign-middle-md u-valign-middle-sm u-valign-middle-xs u-sheet-1\">\n        <p class=\"u-align-left u-text u-text-black u-text-1\">\n          <br><span style=\"font-weight: 700;\" class=\"u-text-palette-1-base\"><\/span>Oferecemos tamb\u00e9m a solu\u00e7\u00e3o completa para o seu projeto, desde fundi\u00e7\u00e3o, fura\u00e7\u00e3o, usinagem, pr\u00e9-montagem e pintura especial em FBE.<br>\n          <br>No segmento de autope\u00e7as, atendemos a OEMs e fornecedores Tier 1.<br>\n          <br>Em vendas para a Am\u00e9rica do Norte, atendemos tamb\u00e9m fornecedores Tier 2.<br>\n          <br><span style=\"font-weight: 600;\">Conhe\u00e7a alguns de nossos produtos.<\/span>\n        <\/p>\n      <\/div>\n    <\/section>\n    <section class=\"u-clearfix u-palette-1-light-3 u-section-5\" id=\"block-6\">\n      <div class=\"data-layout-selected u-clearfix u-expanded-width u-gutter-0 u-layout-wrap u-layout-wrap-1\">\n        <div class=\"u-layout\">\n          <div class=\"u-layout-row\">\n            <div class=\"u-align-right u-container-align-right u-container-style u-layout-cell u-size-60 u-layout-cell-1\">\n              <div class=\"u-container-layout u-container-layout-1\">\n                <h1 class=\"u-align-center u-text u-text-palette-1-base u-text-1\">MIDCASTINGS\u00ae<\/h1>\n                <h3 class=\"u-align-center u-text u-text-2\"> Midcastings\u00ae de 20 a 250kg,\nfabricados em ferro\ncinzento ou nodular.<\/h3>\n              <\/div>\n            <\/div>\n          <\/div>\n        <\/div>\n      <\/div>\n    <\/section>\n    <section class=\"u-align-center u-clearfix u-container-align-center u-section-6\" id=\"block-3\">\n      <div class=\"u-clearfix u-sheet u-valign-middle-xl u-sheet-1\">\n        <div class=\"u-expanded-width u-list u-list-1\">\n          <div class=\"u-repeater u-repeater-1\">\n            <div class=\"u-container-style u-custom-item u-list-item u-repeater-item u-list-item-1\">\n              <div class=\"u-container-layout u-similar-container u-container-layout-1\">\n                <img decoding=\"async\" alt=\"\" class=\"custom-expanded u-image u-image-default u-image-1\" data-image-width=\"1500\" data-image-height=\"1000\" src=\"https:\/\/www.programar.site\/intercast\/wp-content\/uploads\/2026\/03\/vqySlXpQ5QD3WzbFq51ykmeXioG1zqWaFVzibgWjrAxFipTdXGnDe5SxX9YmBQ-1.webp\" data-href=\"https:\/\/www.programar.site\/intercast\/offroad\/\">\n                <div class=\"custom-expanded u-container-style u-group u-palette-1-light-3 u-group-1\">\n                  <div class=\"u-container-layout u-container-layout-2\">\n                    <h4 class=\"u-custom-font u-font-open-sans u-text u-text-custom-color-3 u-text-1\">OFF ROAD<\/h4>\n                    <h6 class=\"u-custom-font u-font-open-sans u-text u-text-palette-5-dark-2 u-text-2\"> M\u00e1quinas Agr\u00edcolas e de Constru\u00e7\u00e3o<\/h6>\n                    <ul class=\"u-custom-font u-font-open-sans u-text u-text-grey-75 u-text-3\">\n                      <li> Trombeta<\/li>\n                      <li>Carca\u00e7a de transmiss\u00e3o<\/li>\n                      <li>Suporte<\/li>\n                      <li>Espa\u00e7ador<\/li>\n                      <li>Torre de giro<\/li>\n                      <li>Carca\u00e7a de torque<\/li>\n                      <li>Entre outros<\/li>\n                    <\/ul>\n                    <a href=\"https:\/\/www.programar.site\/intercast\/offroad\/\" class=\"u-border-grey-75 u-btn u-button-style u-custom-item u-palette-1-base u-btn-1\">saber mais<\/a>\n                  <\/div>\n                <\/div>\n              <\/div>\n            <\/div>\n            <div class=\"u-container-style u-custom-item u-list-item u-repeater-item u-list-item-2\">\n              <div class=\"u-container-layout u-similar-container u-container-layout-3\">\n                <img decoding=\"async\" alt=\"\" class=\"custom-expanded u-image u-image-default u-image-2\" data-image-width=\"1776\" data-image-height=\"1000\" src=\"https:\/\/www.programar.site\/intercast\/wp-content\/uploads\/2026\/03\/90-1.webp\" data-href=\"https:\/\/www.programar.site\/intercast\/onroad\/\">\n                <div class=\"custom-expanded u-container-style u-group u-palette-1-light-3 u-group-2\">\n                  <div class=\"u-container-layout u-container-layout-4\">\n                    <h4 class=\"u-custom-font u-font-open-sans u-text u-text-default u-text-palette-1-base u-text-4\">ON ROAD<\/h4>\n                    <h6 class=\"u-custom-font u-font-open-sans u-text u-text-palette-5-dark-2 u-text-5\"> Ve\u00edculos Comerciais Leves, Caminh\u00f5es e \u00d4nibus<\/h6>\n                    <ul class=\"u-custom-font u-font-open-sans u-text u-text-grey-75 u-text-6\">\n                      <li>Cubo redutor<\/li>\n                      <li>Caixa de diferencial<\/li>\n                      <li>Quinta roda<\/li>\n                      <li>Pe\u00e7as de suspens\u00e3o<\/li>\n                      <li>Suporte de molas<\/li>\n                      <li>Entre outros<\/li>\n                    <\/ul>\n                    <a href=\"https:\/\/www.programar.site\/intercast\/onroad\/\" class=\"u-border-grey-75 u-btn u-button-style u-custom-item u-palette-1-base u-btn-2\">saber mais<\/a>\n                  <\/div>\n                <\/div>\n              <\/div>\n            <\/div>\n            <div class=\"u-container-style u-custom-item u-list-item u-repeater-item u-list-item-3\">\n              <div class=\"u-container-layout u-similar-container u-container-layout-5\">\n                <img decoding=\"async\" alt=\"\" class=\"custom-expanded u-image u-image-default u-image-3\" data-image-width=\"1466\" data-image-height=\"2040\" src=\"https:\/\/www.programar.site\/intercast\/wp-content\/uploads\/2026\/03\/water_works-1.webp\" data-href=\"https:\/\/www.programar.site\/intercast\/waterworks\/\">\n                <div class=\"custom-expanded u-container-style u-group u-palette-1-light-3 u-group-3\">\n                  <div class=\"u-container-layout u-container-layout-6\">\n                    <h4 class=\"u-custom-font u-font-open-sans u-text u-text-default u-text-palette-1-base u-text-7\">WATER WORKS<\/h4>\n                    <h6 class=\"u-custom-font u-font-open-sans u-text u-text-palette-5-dark-2 u-text-8\"> V\u00e1lvulas, Hidrantes e Outros Itens de Saneamento<\/h6>\n                    <ul class=\"u-custom-font u-font-open-sans u-text u-text-grey-75 u-text-9\">\n                      <li>Corpo de v\u00e1lvula<\/li>\n                      <li>Base de hidrante<\/li>\n                      <li>Corpo de hidrante<\/li>\n                      <li>Flange<\/li>\n                      <li>Entre outros<\/li>\n                    <\/ul>\n                    <a href=\"https:\/\/www.programar.site\/intercast\/waterworks\/\" class=\"u-border-grey-75 u-btn u-button-style u-custom-item u-palette-1-base u-btn-3\">saber mais<\/a>\n                  <\/div>\n                <\/div>\n              <\/div>\n            <\/div>\n            <div class=\"u-container-style u-custom-item u-list-item u-repeater-item u-list-item-4\">\n              <div class=\"u-container-layout u-similar-container u-container-layout-7\">\n                <img decoding=\"async\" alt=\"\" class=\"custom-expanded u-image u-image-default u-image-4\" data-image-width=\"1024\" data-image-height=\"1024\" src=\"https:\/\/www.programar.site\/intercast\/wp-content\/uploads\/2026\/03\/outros-1.webp\" data-href=\"https:\/\/www.programar.site\/intercast\/outrossegmentos\/\">\n                <div class=\"custom-expanded u-container-style u-group u-palette-1-light-3 u-group-4\">\n                  <div class=\"u-container-layout u-container-layout-8\">\n                    <h4 class=\"u-custom-font u-font-open-sans u-text u-text-default u-text-palette-1-base u-text-10\">OUTROS SEGMENTOS<\/h4>\n                    <h6 class=\"u-custom-font u-font-open-sans u-text u-text-palette-5-dark-2 u-text-11\"> Ferrovi\u00e1rio, Motores de Combust\u00e3o Interna e Outros<\/h6>\n                    <ul class=\"u-custom-font u-font-open-sans u-text u-text-grey-75 u-text-12\">\n                      <li>Disco de freio ferrovi\u00e1rio<\/li>\n                      <li>Tampa de motor<\/li>\n                      <li>Tampa de c\u00e1rter<\/li>\n                      <li>Carca\u00e7a frontal de transmiss\u00e3o<\/li>\n                      <li>Entre outros<\/li>\n                    <\/ul>\n                    <a href=\"https:\/\/www.programar.site\/intercast\/outrossegmentos\/\" class=\"u-border-grey-75 u-btn u-button-style u-custom-item u-palette-1-base u-btn-4\">saber mais<\/a>\n                  <\/div>\n                <\/div>\n              <\/div>\n            <\/div>\n          <\/div>\n        <\/div>\n      <\/div>\n    <\/section>\n    \n    \n    \n  \n<\/div>","protected":false},"excerpt":{"rendered":"<p>produtos A Intercast \u00e9 uma fundi\u00e7\u00e3o especializada em pe\u00e7as fundidas t\u00e9cnicas, Midcastings\u00ae de 20 a 250kg, fabricadas em ferro cinzento ou nodular. SOLU\u00c7\u00c3O COMPLETA Oferecemos tamb\u00e9m a solu\u00e7\u00e3o completa para o seu projeto, desde fundi\u00e7\u00e3o, fura\u00e7\u00e3o, usinagem, pr\u00e9-montagem e pintura especial em FBE. No segmento de autope\u00e7as, atendemos a OEMs e fornecedores Tier 1. Em [&hellip;]<\/p>\n","protected":false},"author":1,"featured_media":0,"parent":0,"menu_order":0,"comment_status":"closed","ping_status":"closed","template":"","meta":{"footnotes":""},"class_list":["post-21","page","type-page","status-publish","hentry"],"_links":{"self":[{"href":"https:\/\/www.programar.site\/intercast\/wp-json\/wp\/v2\/pages\/21","targetHints":{"allow":["GET"]}}],"collection":[{"href":"https:\/\/www.programar.site\/intercast\/wp-json\/wp\/v2\/pages"}],"about":[{"href":"https:\/\/www.programar.site\/intercast\/wp-json\/wp\/v2\/types\/page"}],"author":[{"embeddable":true,"href":"https:\/\/www.programar.site\/intercast\/wp-json\/wp\/v2\/users\/1"}],"replies":[{"embeddable":true,"href":"https:\/\/www.programar.site\/intercast\/wp-json\/wp\/v2\/comments?post=21"}],"version-history":[{"count":6,"href":"https:\/\/www.programar.site\/intercast\/wp-json\/wp\/v2\/pages\/21\/revisions"}],"predecessor-version":[{"id":291,"href":"https:\/\/www.programar.site\/intercast\/wp-json\/wp\/v2\/pages\/21\/revisions\/291"}],"wp:attachment":[{"href":"https:\/\/www.programar.site\/intercast\/wp-json\/wp\/v2\/media?parent=21"}],"curies":[{"name":"wp","href":"https:\/\/api.w.org\/{rel}","templated":true}]}}