{"id":183,"date":"2026-03-24T17:38:52","date_gmt":"2026-03-24T20:38:52","guid":{"rendered":"https:\/\/www.programar.site\/intercast\/?page_id=183"},"modified":"2026-03-31T18:57:13","modified_gmt":"2026-03-31T21:57:13","slug":"waterworks","status":"publish","type":"page","link":"https:\/\/www.programar.site\/intercast\/waterworks\/","title":{"rendered":"Water Works"},"content":{"rendered":"<div class=\"\" style=\"\" >\n    \n    <section class=\"skrollable u-clearfix u-image u-shading u-section-2\" data-image-width=\"1920\" data-image-height=\"1080\" id=\"block-21\" style=\"background-image: linear-gradient(rgba(0, 0, 0, 0.3), rgba(0, 0, 0, 0.3)), url(&quot;https:\/\/www.programar.site\/intercast\/wp-content\/uploads\/2026\/03\/capa_water_works_intercast.webp&quot;);\">\n      <div class=\"u-clearfix u-sheet u-sheet-1\">\n        <div class=\"u-align-center u-color-var u-container-align-center u-container-style u-group u-group-1\">\n          <div class=\"u-container-layout u-container-layout-1\">\n            <h2 class=\"u-custom-font u-font-open-sans u-text u-text-1\">water works<\/h2>\n          <\/div>\n        <\/div>\n        <p class=\"u-custom-font u-font-open-sans u-text u-text-body-alt-color u-text-2\"><span style=\"font-weight: 400;\"> A <span style=\"font-weight: 700;\">Intercast<\/span> \u00e9 uma fundi\u00e7\u00e3o especializada em pe\u00e7as fundidas t\u00e9cnicas, <span style=\"font-weight: 700;\">Midcastings\u00ae<\/span> de 20 a 250kg, fabricadas em ferro cinzento ou nodular.<\/span>\n          <br>\n        <\/p>\n      <\/div>\n    <\/section>\n    <section class=\"u-clearfix u-palette-1-light-3 u-section-3\" id=\"block-4\">\n      <div class=\"data-layout-selected u-clearfix u-gutter-0 u-layout-wrap u-layout-wrap-1\">\n        <div class=\"u-layout\">\n          <div class=\"u-layout-row\">\n            <div class=\"u-container-style u-layout-cell u-size-28 u-layout-cell-1\">\n              <div class=\"u-container-layout u-container-layout-1\">\n                <h1 class=\"u-align-center u-text u-text-palette-1-base u-text-1\">WATER WORKS <\/h1>\n              <\/div>\n            <\/div>\n            <div class=\"u-container-align-center u-container-style u-layout-cell u-size-3 u-layout-cell-2\">\n              <div class=\"u-container-layout u-container-layout-2\">\n                <div class=\"u-align-center u-palette-1-base u-shape u-shape-rectangle u-shape-1\"><\/div>\n              <\/div>\n            <\/div>\n            <div class=\"u-container-style u-layout-cell u-size-29 u-layout-cell-3\">\n              <div class=\"u-container-layout u-container-layout-3\">\n                <h2 class=\"u-align-left u-text u-text-palette-1-base u-text-2\"> MIDCASTINGS\u00ae PARA O SISTEMA DE\nCONEX\u00d5ES E SISTEMA DE HIDRANTES<\/h2>\n              <\/div>\n            <\/div>\n          <\/div>\n        <\/div>\n      <\/div>\n    <\/section>\n    <section class=\"u-clearfix u-container-align-center u-white u-section-4\" id=\"block-6\">\n      <div class=\"u-clearfix u-sheet u-valign-middle-lg u-valign-middle-md u-valign-middle-sm u-valign-middle-xs u-sheet-1\">\n        <div class=\"data-layout-selected u-clearfix u-expanded-width u-gutter-10 u-layout-wrap u-white u-layout-wrap-1\">\n          <div class=\"u-layout\" style=\"\">\n            <div class=\"u-layout-row\" style=\"\">\n              <div class=\"u-container-align-center u-container-style u-layout-cell u-size-30 u-layout-cell-1\">\n                <div class=\"u-container-layout u-container-layout-1\">\n                  <img decoding=\"async\" class=\"u-image u-image-contain u-image-default u-preserve-proportions u-image-1\" src=\"https:\/\/www.programar.site\/intercast\/wp-content\/uploads\/2026\/03\/corpo_de_valvula_watr_works_intercast.webp\" alt=\"\" data-image-width=\"1920\" data-image-height=\"1920\">\n                <\/div>\n              <\/div>\n              <div class=\"u-align-left u-container-align-left u-container-style u-layout-cell u-right-cell u-size-30 u-size-xs-60 u-white u-layout-cell-2\">\n                <div class=\"u-container-layout u-valign-middle u-container-layout-2\">\n                  <h1 class=\"u-align-left u-text u-text-default u-text-palette-1-base u-title u-text-1\"> CORPO DE V\u00c1LVULA<\/h1>\n                  <p class=\"u-align-left u-text u-text-2\"> Os corpos de v\u00e1lvula de nossa produ\u00e7\u00e3o cobrem\ndi\u00e2metros de 6 a 12 polegadas e s\u00e3o usados \"as\ncast\", sem usinagem, em v\u00e1lvulas de alta press\u00e3o\ncom gavetas de assento resiliente.<\/p>\n                <\/div>\n              <\/div>\n            <\/div>\n          <\/div>\n        <\/div>\n      <\/div>\n    <\/section>\n    <section class=\"u-clearfix u-section-5\" id=\"block-7\">\n      <div class=\"u-clearfix u-sheet u-sheet-1\">\n        <div class=\"u-align-center u-border-10 u-border-palette-1-base u-expanded-width u-shape u-shape-bottom u-shape-left u-shape-line u-shape-right u-shape-1\"><\/div>\n      <\/div>\n    <\/section>\n    <section class=\"u-clearfix u-container-align-center u-white u-section-6\" id=\"block-9\">\n      <div class=\"u-clearfix u-sheet u-valign-middle-lg u-valign-middle-md u-valign-middle-sm u-valign-middle-xs u-sheet-1\">\n        <div class=\"data-layout-selected u-clearfix u-expanded-width u-gutter-10 u-layout-wrap u-layout-wrap-1\">\n          <div class=\"u-layout\" style=\"\">\n            <div class=\"u-layout-row\" style=\"\">\n              <div class=\"u-align-left u-container-style u-layout-cell u-right-cell u-size-36 u-size-xs-60 u-white u-layout-cell-1\">\n                <div class=\"u-container-layout u-valign-middle u-container-layout-1\">\n                  <h1 class=\"u-align-right u-text u-text-default u-text-palette-1-base u-title u-text-1\"> BASE DE HIDRANTE<\/h1>\n                  <p class=\"u-align-right u-text u-text-2\"> A base do hidrante acomoda no seu interior a\nv\u00e1lvula de reten\u00e7\u00e3o e seguran\u00e7a dos hidrantes.<\/p>\n                <\/div>\n              <\/div>\n              <div class=\"u-container-style u-layout-cell u-size-24 u-layout-cell-2\">\n                <div class=\"u-container-layout u-container-layout-2\">\n                  <img decoding=\"async\" class=\"custom-expanded u-align-center u-image u-image-contain u-image-default u-image-1\" src=\"https:\/\/www.programar.site\/intercast\/wp-content\/uploads\/2026\/03\/base_de_hidrante_water_works_intercast.webp\" alt=\"\" data-image-width=\"1920\" data-image-height=\"1920\">\n                <\/div>\n              <\/div>\n            <\/div>\n          <\/div>\n        <\/div>\n      <\/div>\n    <\/section>\n    <section class=\"u-clearfix u-section-7\" id=\"block-10\">\n      <div class=\"u-clearfix u-sheet u-sheet-1\">\n        <div class=\"u-align-center u-border-10 u-border-palette-1-base u-expanded-width u-shape u-shape-bottom u-shape-left u-shape-line u-shape-right u-shape-1\"><\/div>\n      <\/div>\n    <\/section>\n    <section class=\"u-clearfix u-palette-1-light-3 u-section-8\" id=\"block-20\">\n      <div class=\"u-clearfix u-sheet u-sheet-1\">\n        <h2 class=\"u-align-center u-text u-text-palette-1-base u-text-1\"> MIDCASTINGS\u00ae PARA OUTROS SEGMENTOS<\/h2>\n        <div class=\"data-layout-selected u-clearfix u-expanded-width u-gutter-20 u-layout-wrap u-layout-wrap-1\">\n          <div class=\"u-layout\">\n            <div class=\"u-layout-col\">\n              <div class=\"u-size-30\">\n                <div class=\"u-layout-row\">\n                  <div class=\"u-container-style u-layout-cell u-size-20 u-white u-layout-cell-1\" data-href=\"https:\/\/www.programar.site\/intercast\/offroad\/\">\n                    <div class=\"u-container-layout u-valign-middle-lg u-valign-middle-md u-valign-middle-sm u-valign-middle-xs u-container-layout-1\">\n                      <h2 class=\"u-align-center u-text u-text-default u-text-palette-1-base u-text-2\">\n                        <a class=\"u-active-none u-border-none u-btn u-button-link u-button-style u-custom-font u-hover-none u-none u-text-palette-1-base u-btn-1\" href=\"https:\/\/www.programar.site\/intercast\/offroad\/\"> OFF ROAD<\/a>\n                      <\/h2>\n                      <p class=\"u-align-center u-text u-text-3\"> VE\u00cdCULOS COMERCIAIS LEVES,\nCAMINH\u00d5ES E \u00d4NIBUS<\/p><span class=\"u-align-center u-file-icon u-icon u-icon-circle u-palette-1-base u-text-white u-icon-1\"><img decoding=\"async\" src=\"data:image\/png;base64,iVBORw0KGgoAAAANSUhEUgAAAIAAAACACAYAAADDPmHLAAAAAXNSR0IArs4c6QAABWZJREFUeF7tnTuPHUUQhc+BEFJIDT8AIhPDD7BFhsTbISBAWmMbY5B4SGCMbcC8Mt4BKXKOTQDiXwAphDiBABXbS9u6oHt9p3u6a+qqz6bb1afq1Le9c+f2TBP6GdoBDl29iocAGBwCASAABndg8PK1AgiAwR0YvHytAAJgcAcGL18rgAAY3IHBy9cKIAAGd2Dw8rUCCIDBHRi8fK0AAmBwBwYvXyuAABjcgcHL1wogAAZ3YPDytQIIgMEdGLx8rQACYHAHBi9fK4AAGNyBwcvXCiAABndg8PK1AgiAwR0YvHytAAJgcAcGL18rwAIAmFny\/RiApwHcA+AvAD8AOEvyR8+UBICn2wDM7BYAXwF4dI303wCOk\/zAKy0B4OV01jGz5wFc2iJ7guRFj9QEgIfLKxpm9guAuybIniR5YcK4WUMEwCz7yoLN7A4AvxdEnSJ5vmB88VABUGxZfUAFAEnsNMlz9ao3jxQAvZzdMG\/Bv4DVGV4i+XaPVAVAD1dvMqeZPQeg5ir\/DMmzrdMVAK0d3TJf\/hj4DYCHKqRfJvlWRdzGEAHQ0s2Jc5nZrflewCMTQ1aHvUryjYq4tSECoJWThfPMhOA1kq8XSgqAFoa1nCND8OWGu4LbpJpAoBVgm82df58h+ALAYxVS50ieroi7ESIA5rjXKHZJCARAoybOnWYpCATA3M41jM8QfA7g8Ypp3yH5YmmcACh1rPP4DMFnAJ6okDpP8lRJnAAocctprCcEAsCpqaUyGYJPATxZGgvgAsmTU+IEwBSXFhqTbxunfwc1EFwkeWJb6gJgm0ML\/z5DkFaCtIew9GcrBAKg1NIFxudNpJ8AeKpC\/l2SL2yKEwAVji4R0gsCAbBENys1MwQf5+3kpbO8R\/L4\/4MEQKmNC4\/PEHy0v7fwmYpU3ie5txonACpcXDpkLgT52QNLddwAwMweBJDoOAzgtqWLlH5XB9JzCXskDx5RSk+rpA2HxfeRu6aoyXs7cHCziPkv\/9veapo\/pANHEwDfA7g\/ZHpKqrcDVxIA1\/bvHd\/eW0nzh3TgmgAI2Re3pP5IAFwF8ICbpIQiOfBdAuAogMuRslIubg4cuf4x8E0AZ9xkJRTBgX8\/Bl7PxMyOpDtEAO7TRWGE\/nTN4b83grpKafLmDsy9Fbz6fYC+C2jenr4Ttv5GUAD07VfT2WfuCdDXwU274TzZzOZv3BWkFcC5kTVyPfcFCoCajjjG9N4ZLAAcm1kq5fFsgAAo7YrTeK+ngwSAU0NLZLyan3ISACWdcRjr\/YSwAHBo6lSJme8I0OPhU42OOG5m86tfFaMVIAANSzVf1wBxmr\/Ym8K0AiwIQYR3BQqAhQCY2fxmbwsVAAsAkJv\/NYCHK+SbNV\/XABXuzw3Ry6LnOrjj8RPPDFpXpV4Xv+O9P0jfzH4FcKiwFh0YUWhYyOFmduf+yx1+K0zuFZJp13aXH10EdrF1\/aQVZwbp0CjH\/rhImdnPAO6eIKZj4yaYtHNDzOxZAB9uSVwHR+5cZycmnDd3pqNj150PoKNjJ\/q408MyBOll0Onw6Hv3zwb8c+Xw6J88i9NFoKfbAbUEQMCmeKYkADzdDqglAAI2xTMlAeDpdkAtARCwKZ4pCQBPtwNqCYCATfFMSQB4uh1QSwAEbIpnSgLA0+2AWgIgYFM8UxIAnm4H1BIAAZvimZIA8HQ7oJYACNgUz5QEgKfbAbUEQMCmeKYkADzdDqglAAI2xTMlAeDpdkAtARCwKZ4pCQBPtwNqCYCATfFMSQB4uh1QSwAEbIpnSgLA0+2AWgIgYFM8UxIAnm4H1BIAAZvimZIA8HQ7oJYACNgUz5QEgKfbAbX+ARTnPXEEqC3LAAAAAElFTkSuQmCC\" alt=\"\"><\/span>\n                    <\/div>\n                  <\/div>\n                  <div class=\"u-container-align-center u-container-style u-image u-layout-cell u-size-20 u-image-1\" data-image-width=\"2048\" data-image-height=\"1143\" data-animation-name=\"customAnimationIn\" data-animation-duration=\"2000\" data-animation-delay=\"0\" data-href=\"https:\/\/www.programar.site\/intercast\/offroad\/\" style=\"background-image: url(&quot;https:\/\/www.programar.site\/intercast\/wp-content\/uploads\/2026\/03\/trator_produtos_intercast_final-2048x1143-1.webp&quot;);\">\n                    <div class=\"u-container-layout u-container-layout-2\"><\/div>\n                  <\/div>\n                  <div class=\"u-container-align-center u-container-style u-layout-cell u-size-20 u-white u-layout-cell-3\" data-href=\"https:\/\/www.programar.site\/intercast\/onroad\/\">\n                    <div class=\"u-container-layout u-valign-middle u-container-layout-3\">\n                      <h2 class=\"u-align-center u-text u-text-default u-text-palette-1-base u-text-4\">\n                        <a class=\"u-active-none u-border-none u-btn u-button-link u-button-style u-custom-font u-hover-none u-none u-text-palette-1-base u-btn-2\" href=\"https:\/\/www.programar.site\/intercast\/onroad\/\">ON ROAD<\/a>\n                      <\/h2>\n                      <p class=\"u-align-center u-text u-text-5\"> VE\u00cdCULOS COMERCIAIS LEVES,\nCAMINH\u00d5ES E \u00d4NIBUS<\/p><span class=\"u-align-center u-file-icon u-icon u-icon-circle u-palette-1-base u-text-white u-icon-2\"><img decoding=\"async\" src=\"data:image\/png;base64,iVBORw0KGgoAAAANSUhEUgAAAIAAAACACAYAAADDPmHLAAAAAXNSR0IArs4c6QAABWZJREFUeF7tnTuPHUUQhc+BEFJIDT8AIhPDD7BFhsTbISBAWmMbY5B4SGCMbcC8Mt4BKXKOTQDiXwAphDiBABXbS9u6oHt9p3u6a+qqz6bb1afq1Le9c+f2TBP6GdoBDl29iocAGBwCASAABndg8PK1AgiAwR0YvHytAAJgcAcGL18rgAAY3IHBy9cKIAAGd2Dw8rUCCIDBHRi8fK0AAmBwBwYvXyuAABjcgcHL1wogAAZ3YPDytQIIgMEdGLx8rQACYHAHBi9fK4AAGNyBwcvXCiAABndg8PK1AgiAwR0YvHytAAJgcAcGL18rwAIAmFny\/RiApwHcA+AvAD8AOEvyR8+UBICn2wDM7BYAXwF4dI303wCOk\/zAKy0B4OV01jGz5wFc2iJ7guRFj9QEgIfLKxpm9guAuybIniR5YcK4WUMEwCz7yoLN7A4AvxdEnSJ5vmB88VABUGxZfUAFAEnsNMlz9ao3jxQAvZzdMG\/Bv4DVGV4i+XaPVAVAD1dvMqeZPQeg5ir\/DMmzrdMVAK0d3TJf\/hj4DYCHKqRfJvlWRdzGEAHQ0s2Jc5nZrflewCMTQ1aHvUryjYq4tSECoJWThfPMhOA1kq8XSgqAFoa1nCND8OWGu4LbpJpAoBVgm82df58h+ALAYxVS50ieroi7ESIA5rjXKHZJCARAoybOnWYpCATA3M41jM8QfA7g8Ypp3yH5YmmcACh1rPP4DMFnAJ6okDpP8lRJnAAocctprCcEAsCpqaUyGYJPATxZGgvgAsmTU+IEwBSXFhqTbxunfwc1EFwkeWJb6gJgm0ML\/z5DkFaCtIew9GcrBAKg1NIFxudNpJ8AeKpC\/l2SL2yKEwAVji4R0gsCAbBENys1MwQf5+3kpbO8R\/L4\/4MEQKmNC4\/PEHy0v7fwmYpU3ie5txonACpcXDpkLgT52QNLddwAwMweBJDoOAzgtqWLlH5XB9JzCXskDx5RSk+rpA2HxfeRu6aoyXs7cHCziPkv\/9veapo\/pANHEwDfA7g\/ZHpKqrcDVxIA1\/bvHd\/eW0nzh3TgmgAI2Re3pP5IAFwF8ICbpIQiOfBdAuAogMuRslIubg4cuf4x8E0AZ9xkJRTBgX8\/Bl7PxMyOpDtEAO7TRWGE\/nTN4b83grpKafLmDsy9Fbz6fYC+C2jenr4Ttv5GUAD07VfT2WfuCdDXwU274TzZzOZv3BWkFcC5kTVyPfcFCoCajjjG9N4ZLAAcm1kq5fFsgAAo7YrTeK+ngwSAU0NLZLyan3ISACWdcRjr\/YSwAHBo6lSJme8I0OPhU42OOG5m86tfFaMVIAANSzVf1wBxmr\/Ym8K0AiwIQYR3BQqAhQCY2fxmbwsVAAsAkJv\/NYCHK+SbNV\/XABXuzw3Ry6LnOrjj8RPPDFpXpV4Xv+O9P0jfzH4FcKiwFh0YUWhYyOFmduf+yx1+K0zuFZJp13aXH10EdrF1\/aQVZwbp0CjH\/rhImdnPAO6eIKZj4yaYtHNDzOxZAB9uSVwHR+5cZycmnDd3pqNj150PoKNjJ\/q408MyBOll0Onw6Hv3zwb8c+Xw6J88i9NFoKfbAbUEQMCmeKYkADzdDqglAAI2xTMlAeDpdkAtARCwKZ4pCQBPtwNqCYCATfFMSQB4uh1QSwAEbIpnSgLA0+2AWgIgYFM8UxIAnm4H1BIAAZvimZIA8HQ7oJYACNgUz5QEgKfbAbUEQMCmeKYkADzdDqglAAI2xTMlAeDpdkAtARCwKZ4pCQBPtwNqCYCATfFMSQB4uh1QSwAEbIpnSgLA0+2AWgIgYFM8UxIAnm4H1BIAAZvimZIA8HQ7oJYACNgUz5QEgKfbAbX+ARTnPXEEqC3LAAAAAElFTkSuQmCC\" alt=\"\"><\/span>\n                    <\/div>\n                  <\/div>\n                <\/div>\n              <\/div>\n              <div class=\"u-size-30\">\n                <div class=\"u-layout-row\">\n                  <div class=\"u-container-align-center u-container-style u-image u-layout-cell u-size-20 u-image-2\" data-image-width=\"2048\" data-image-height=\"1879\" data-animation-name=\"customAnimationIn\" data-animation-duration=\"2000\" data-animation-delay=\"0\" data-href=\"https:\/\/www.programar.site\/intercast\/onroad\/\" style=\"background-image: url(&quot;https:\/\/www.programar.site\/intercast\/wp-content\/uploads\/2026\/03\/caminhao-1-2048x1879.jpg&quot;);\">\n                    <div class=\"u-container-layout u-container-layout-4\"><\/div>\n                  <\/div>\n                  <div class=\"u-container-align-center u-container-style u-layout-cell u-size-20 u-white u-layout-cell-5\" data-href=\"https:\/\/www.programar.site\/intercast\/outrossegmentos\/\">\n                    <div class=\"u-container-layout u-valign-middle u-container-layout-5\">\n                      <h2 class=\"u-align-center u-text u-text-default u-text-palette-1-base u-text-6\">\n                        <a class=\"u-active-none u-border-none u-btn u-button-link u-button-style u-custom-font u-hover-none u-none u-text-palette-1-base u-btn-3\" href=\"https:\/\/www.programar.site\/intercast\/outrossegmentos\/\"> OUTROS SEGMENTOS<\/a>\n                      <\/h2>\n                      <p class=\"u-align-center u-text u-text-7\"> FERROVI\u00c1RIO, MOTORES DE\nCOMBUST\u00c3O INTERNA E OUTROS<\/p><span class=\"u-align-center u-file-icon u-icon u-icon-circle u-palette-1-base u-text-white u-icon-3\"><img decoding=\"async\" src=\"data:image\/png;base64,iVBORw0KGgoAAAANSUhEUgAAAIAAAACACAYAAADDPmHLAAAAAXNSR0IArs4c6QAABWZJREFUeF7tnTuPHUUQhc+BEFJIDT8AIhPDD7BFhsTbISBAWmMbY5B4SGCMbcC8Mt4BKXKOTQDiXwAphDiBABXbS9u6oHt9p3u6a+qqz6bb1afq1Le9c+f2TBP6GdoBDl29iocAGBwCASAABndg8PK1AgiAwR0YvHytAAJgcAcGL18rgAAY3IHBy9cKIAAGd2Dw8rUCCIDBHRi8fK0AAmBwBwYvXyuAABjcgcHL1wogAAZ3YPDytQIIgMEdGLx8rQACYHAHBi9fK4AAGNyBwcvXCiAABndg8PK1AgiAwR0YvHytAAJgcAcGL18rwAIAmFny\/RiApwHcA+AvAD8AOEvyR8+UBICn2wDM7BYAXwF4dI303wCOk\/zAKy0B4OV01jGz5wFc2iJ7guRFj9QEgIfLKxpm9guAuybIniR5YcK4WUMEwCz7yoLN7A4AvxdEnSJ5vmB88VABUGxZfUAFAEnsNMlz9ao3jxQAvZzdMG\/Bv4DVGV4i+XaPVAVAD1dvMqeZPQeg5ir\/DMmzrdMVAK0d3TJf\/hj4DYCHKqRfJvlWRdzGEAHQ0s2Jc5nZrflewCMTQ1aHvUryjYq4tSECoJWThfPMhOA1kq8XSgqAFoa1nCND8OWGu4LbpJpAoBVgm82df58h+ALAYxVS50ieroi7ESIA5rjXKHZJCARAoybOnWYpCATA3M41jM8QfA7g8Ypp3yH5YmmcACh1rPP4DMFnAJ6okDpP8lRJnAAocctprCcEAsCpqaUyGYJPATxZGgvgAsmTU+IEwBSXFhqTbxunfwc1EFwkeWJb6gJgm0ML\/z5DkFaCtIew9GcrBAKg1NIFxudNpJ8AeKpC\/l2SL2yKEwAVji4R0gsCAbBENys1MwQf5+3kpbO8R\/L4\/4MEQKmNC4\/PEHy0v7fwmYpU3ie5txonACpcXDpkLgT52QNLddwAwMweBJDoOAzgtqWLlH5XB9JzCXskDx5RSk+rpA2HxfeRu6aoyXs7cHCziPkv\/9veapo\/pANHEwDfA7g\/ZHpKqrcDVxIA1\/bvHd\/eW0nzh3TgmgAI2Re3pP5IAFwF8ICbpIQiOfBdAuAogMuRslIubg4cuf4x8E0AZ9xkJRTBgX8\/Bl7PxMyOpDtEAO7TRWGE\/nTN4b83grpKafLmDsy9Fbz6fYC+C2jenr4Ttv5GUAD07VfT2WfuCdDXwU274TzZzOZv3BWkFcC5kTVyPfcFCoCajjjG9N4ZLAAcm1kq5fFsgAAo7YrTeK+ngwSAU0NLZLyan3ISACWdcRjr\/YSwAHBo6lSJme8I0OPhU42OOG5m86tfFaMVIAANSzVf1wBxmr\/Ym8K0AiwIQYR3BQqAhQCY2fxmbwsVAAsAkJv\/NYCHK+SbNV\/XABXuzw3Ry6LnOrjj8RPPDFpXpV4Xv+O9P0jfzH4FcKiwFh0YUWhYyOFmduf+yx1+K0zuFZJp13aXH10EdrF1\/aQVZwbp0CjH\/rhImdnPAO6eIKZj4yaYtHNDzOxZAB9uSVwHR+5cZycmnDd3pqNj150PoKNjJ\/q408MyBOll0Onw6Hv3zwb8c+Xw6J88i9NFoKfbAbUEQMCmeKYkADzdDqglAAI2xTMlAeDpdkAtARCwKZ4pCQBPtwNqCYCATfFMSQB4uh1QSwAEbIpnSgLA0+2AWgIgYFM8UxIAnm4H1BIAAZvimZIA8HQ7oJYACNgUz5QEgKfbAbUEQMCmeKYkADzdDqglAAI2xTMlAeDpdkAtARCwKZ4pCQBPtwNqCYCATfFMSQB4uh1QSwAEbIpnSgLA0+2AWgIgYFM8UxIAnm4H1BIAAZvimZIA8HQ7oJYACNgUz5QEgKfbAbX+ARTnPXEEqC3LAAAAAElFTkSuQmCC\" alt=\"\"><\/span>\n                    <\/div>\n                  <\/div>\n                  <div class=\"u-container-align-center u-container-style u-image u-layout-cell u-size-20 u-image-3\" data-image-width=\"1024\" data-image-height=\"1024\" data-animation-name=\"customAnimationIn\" data-animation-duration=\"2000\" data-animation-delay=\"0\" data-href=\"https:\/\/www.programar.site\/intercast\/outrossegmentos\/\" style=\"background-image: url(&quot;https:\/\/www.programar.site\/intercast\/wp-content\/uploads\/2026\/03\/outros.jpg&quot;);\">\n                    <div class=\"u-container-layout u-container-layout-6\"><\/div>\n                  <\/div>\n                <\/div>\n              <\/div>\n            <\/div>\n          <\/div>\n        <\/div>\n      <\/div>\n    <\/section>\n    \n    \n    \n  \n<\/div>","protected":false},"excerpt":{"rendered":"<p>water works A Intercast \u00e9 uma fundi\u00e7\u00e3o especializada em pe\u00e7as fundidas t\u00e9cnicas, Midcastings\u00ae de 20 a 250kg, fabricadas em ferro cinzento ou nodular. WATER WORKS MIDCASTINGS\u00ae PARA O SISTEMA DE CONEX\u00d5ES E SISTEMA DE HIDRANTES CORPO DE V\u00c1LVULA Os corpos de v\u00e1lvula de nossa produ\u00e7\u00e3o cobrem di\u00e2metros de 6 a 12 polegadas e s\u00e3o usados [&hellip;]<\/p>\n","protected":false},"author":1,"featured_media":0,"parent":0,"menu_order":0,"comment_status":"closed","ping_status":"closed","template":"","meta":{"footnotes":""},"class_list":["post-183","page","type-page","status-publish","hentry"],"_links":{"self":[{"href":"https:\/\/www.programar.site\/intercast\/wp-json\/wp\/v2\/pages\/183","targetHints":{"allow":["GET"]}}],"collection":[{"href":"https:\/\/www.programar.site\/intercast\/wp-json\/wp\/v2\/pages"}],"about":[{"href":"https:\/\/www.programar.site\/intercast\/wp-json\/wp\/v2\/types\/page"}],"author":[{"embeddable":true,"href":"https:\/\/www.programar.site\/intercast\/wp-json\/wp\/v2\/users\/1"}],"replies":[{"embeddable":true,"href":"https:\/\/www.programar.site\/intercast\/wp-json\/wp\/v2\/comments?post=183"}],"version-history":[{"count":11,"href":"https:\/\/www.programar.site\/intercast\/wp-json\/wp\/v2\/pages\/183\/revisions"}],"predecessor-version":[{"id":299,"href":"https:\/\/www.programar.site\/intercast\/wp-json\/wp\/v2\/pages\/183\/revisions\/299"}],"wp:attachment":[{"href":"https:\/\/www.programar.site\/intercast\/wp-json\/wp\/v2\/media?parent=183"}],"curies":[{"name":"wp","href":"https:\/\/api.w.org\/{rel}","templated":true}]}}